{"id":1393,"date":"2025-12-18T11:55:33","date_gmt":"2025-12-18T16:55:33","guid":{"rendered":"https:\/\/crossimporter.com\/?post_type=product&#038;p=1393"},"modified":"2026-01-30T13:28:36","modified_gmt":"2026-01-30T18:28:36","slug":"acai-hair-essence-oil-30ml","status":"publish","type":"product","link":"https:\/\/crossimporter.com\/pt\/produto\/acai-hair-essence-oil-30ml\/","title":{"rendered":"A\u00e7a\u00ed Hair Essence Oil- 30ml"},"content":{"rendered":"<p>Designed to nourish and illuminate, A\u00e7a\u00ed Hair Essence Oil helps smooth frizz, boost shine, and leave hair feeling soft and lightweight. Its silky texture absorbs easily, making it perfect for everyday use on damp or dry hair for a healthy, glossy finish.<\/p>","protected":false},"excerpt":{"rendered":"<p>Designed to nourish and illuminate, A\u00e7a\u00ed Hair Essence Oil helps smooth frizz, boost shine, and leave hair feeling soft and lightweight. Its silky texture absorbs easily, making it perfect for everyday use on damp or dry hair for a healthy, glossy finish.<\/p>","protected":false},"featured_media":1319,"comment_status":"open","ping_status":"closed","template":"","meta":[],"product_brand":[],"product_cat":[22],"product_tag":[],"class_list":{"0":"post-1393","1":"product","2":"type-product","3":"status-publish","4":"has-post-thumbnail","6":"product_cat-styling-products","8":"first","9":"instock","10":"taxable","11":"shipping-taxable","12":"purchasable","13":"product-type-simple"},"supplier_id":null,"supplier_sku":"","barcode":null,"atum_controlled":true,"out_stock_date":null,"out_stock_threshold":null,"inheritable":false,"inbound_stock":0,"stock_on_hold":1,"sold_today":0,"sales_last_days":0,"reserved_stock":0,"customer_returns":0,"warehouse_damage":0,"lost_in_post":0,"other_logs":0,"out_stock_days":0,"lost_sales":0,"has_location":false,"update_date":"2026-04-10T11:42:27","atum_locations":[],"atum_stock_status":"instock","restock_status":false,"low_stock_amount":"","sales_update_date":"2026-04-10T11:42:27","calc_backorders":null,"yoast_head":"<!-- This site is optimized with the Yoast SEO Premium plugin v24.7 (Yoast SEO v24.7) - https:\/\/yoast.com\/wordpress\/plugins\/seo\/ -->\n<title>A\u00e7a\u00ed Hair Essence Oil- 30ml - Cross Enterprise Serv. Inc<\/title>\n<meta name=\"robots\" content=\"index, follow, max-snippet:-1, max-image-preview:large, max-video-preview:-1\" \/>\n<link rel=\"canonical\" href=\"https:\/\/crossimporter.com\/pt\/produto\/acai-hair-essence-oil-30ml\/\" \/>\n<meta property=\"og:locale\" content=\"pt_BR\" \/>\n<meta property=\"og:type\" content=\"article\" \/>\n<meta property=\"og:title\" content=\"A\u00e7a\u00ed Hair Essence Oil- 30ml\" \/>\n<meta property=\"og:description\" content=\"Designed to nourish and illuminate, A\u00e7a\u00ed Hair Essence Oil helps smooth frizz, boost shine, and leave hair feeling soft and lightweight. Its silky texture absorbs easily, making it perfect for everyday use on damp or dry hair for a healthy, glossy finish.\" \/>\n<meta property=\"og:url\" content=\"https:\/\/crossimporter.com\/pt\/produto\/acai-hair-essence-oil-30ml\/\" \/>\n<meta property=\"og:site_name\" content=\"Cross Enterprise Serv. Inc\" \/>\n<meta property=\"article:modified_time\" content=\"2026-01-30T18:28:36+00:00\" \/>\n<meta property=\"og:image\" content=\"https:\/\/crossimporter.com\/wp-content\/uploads\/2025\/03\/Acai-Oil-.jpg\" \/>\n\t<meta property=\"og:image:width\" content=\"1500\" \/>\n\t<meta property=\"og:image:height\" content=\"1500\" \/>\n\t<meta property=\"og:image:type\" content=\"image\/jpeg\" \/>\n<meta name=\"twitter:card\" content=\"summary_large_image\" \/>\n<meta name=\"twitter:label1\" content=\"Est. tempo de leitura\" \/>\n\t<meta name=\"twitter:data1\" content=\"1 minuto\" \/>\n<script type=\"application\/ld+json\" class=\"yoast-schema-graph\">{\"@context\":\"https:\/\/schema.org\",\"@graph\":[{\"@type\":\"WebPage\",\"@id\":\"https:\/\/crossimporter.com\/product\/acai-hair-essence-oil-30ml\/\",\"url\":\"https:\/\/crossimporter.com\/product\/acai-hair-essence-oil-30ml\/\",\"name\":\"A\u00e7a\u00ed Hair Essence Oil- 30ml - Cross Enterprise Serv. Inc\",\"isPartOf\":{\"@id\":\"https:\/\/crossimporter.com\/#website\"},\"primaryImageOfPage\":{\"@id\":\"https:\/\/crossimporter.com\/product\/acai-hair-essence-oil-30ml\/#primaryimage\"},\"image\":{\"@id\":\"https:\/\/crossimporter.com\/product\/acai-hair-essence-oil-30ml\/#primaryimage\"},\"thumbnailUrl\":\"https:\/\/crossimporter.com\/wp-content\/uploads\/2025\/03\/Acai-Oil-.jpg\",\"datePublished\":\"2025-12-18T16:55:33+00:00\",\"dateModified\":\"2026-01-30T18:28:36+00:00\",\"breadcrumb\":{\"@id\":\"https:\/\/crossimporter.com\/product\/acai-hair-essence-oil-30ml\/#breadcrumb\"},\"inLanguage\":\"pt-BR\",\"potentialAction\":[{\"@type\":\"ReadAction\",\"target\":[\"https:\/\/crossimporter.com\/product\/acai-hair-essence-oil-30ml\/\"]}]},{\"@type\":\"ImageObject\",\"inLanguage\":\"pt-BR\",\"@id\":\"https:\/\/crossimporter.com\/product\/acai-hair-essence-oil-30ml\/#primaryimage\",\"url\":\"https:\/\/crossimporter.com\/wp-content\/uploads\/2025\/03\/Acai-Oil-.jpg\",\"contentUrl\":\"https:\/\/crossimporter.com\/wp-content\/uploads\/2025\/03\/Acai-Oil-.jpg\",\"width\":1500,\"height\":1500},{\"@type\":\"BreadcrumbList\",\"@id\":\"https:\/\/crossimporter.com\/product\/acai-hair-essence-oil-30ml\/#breadcrumb\",\"itemListElement\":[{\"@type\":\"ListItem\",\"position\":1,\"name\":\"In\u00edcio\",\"item\":\"https:\/\/crossimporter.com\/\"},{\"@type\":\"ListItem\",\"position\":2,\"name\":\"Loja\",\"item\":\"https:\/\/crossimporter.com\/loja\/\"},{\"@type\":\"ListItem\",\"position\":3,\"name\":\"A\u00e7a\u00ed Hair Essence Oil- 30ml\"}]},{\"@type\":\"WebSite\",\"@id\":\"https:\/\/crossimporter.com\/#website\",\"url\":\"https:\/\/crossimporter.com\/\",\"name\":\"Cross Enterprise Serv. Inc\",\"description\":\"Importer\",\"publisher\":{\"@id\":\"https:\/\/crossimporter.com\/#organization\"},\"potentialAction\":[{\"@type\":\"SearchAction\",\"target\":{\"@type\":\"EntryPoint\",\"urlTemplate\":\"https:\/\/crossimporter.com\/?s={search_term_string}\"},\"query-input\":{\"@type\":\"PropertyValueSpecification\",\"valueRequired\":true,\"valueName\":\"search_term_string\"}}],\"inLanguage\":\"pt-BR\"},{\"@type\":\"Organization\",\"@id\":\"https:\/\/crossimporter.com\/#organization\",\"name\":\"Cross Enterprise Serv. Inc\",\"url\":\"https:\/\/crossimporter.com\/\",\"logo\":{\"@type\":\"ImageObject\",\"inLanguage\":\"pt-BR\",\"@id\":\"https:\/\/crossimporter.com\/#\/schema\/logo\/image\/\",\"url\":\"https:\/\/crossimporter.com\/wp-content\/uploads\/2026\/04\/6-1.svg\",\"contentUrl\":\"https:\/\/crossimporter.com\/wp-content\/uploads\/2026\/04\/6-1.svg\",\"width\":500,\"height\":500,\"caption\":\"Cross Enterprise Serv. Inc  \"},\"image\":{\"@id\":\"https:\/\/crossimporter.com\/#\/schema\/logo\/image\/\"}}]}<\/script>\n<!-- \/ Yoast SEO Premium plugin. -->","yoast_head_json":{"title":"A\u00e7a\u00ed Hair Essence Oil- 30ml - Cross Enterprise Serv. Inc","robots":{"index":"index","follow":"follow","max-snippet":"max-snippet:-1","max-image-preview":"max-image-preview:large","max-video-preview":"max-video-preview:-1"},"canonical":"https:\/\/crossimporter.com\/pt\/produto\/acai-hair-essence-oil-30ml\/","og_locale":"pt_BR","og_type":"article","og_title":"A\u00e7a\u00ed Hair Essence Oil- 30ml","og_description":"Designed to nourish and illuminate, A\u00e7a\u00ed Hair Essence Oil helps smooth frizz, boost shine, and leave hair feeling soft and lightweight. Its silky texture absorbs easily, making it perfect for everyday use on damp or dry hair for a healthy, glossy finish.","og_url":"https:\/\/crossimporter.com\/pt\/produto\/acai-hair-essence-oil-30ml\/","og_site_name":"Cross Enterprise Serv. Inc","article_modified_time":"2026-01-30T18:28:36+00:00","og_image":[{"width":1500,"height":1500,"url":"https:\/\/crossimporter.com\/wp-content\/uploads\/2025\/03\/Acai-Oil-.jpg","type":"image\/jpeg"}],"twitter_card":"summary_large_image","twitter_misc":{"Est. tempo de leitura":"1 minuto"},"schema":{"@context":"https:\/\/schema.org","@graph":[{"@type":"WebPage","@id":"https:\/\/crossimporter.com\/product\/acai-hair-essence-oil-30ml\/","url":"https:\/\/crossimporter.com\/product\/acai-hair-essence-oil-30ml\/","name":"A\u00e7a\u00ed Hair Essence Oil- 30ml - Cross Enterprise Serv. Inc","isPartOf":{"@id":"https:\/\/crossimporter.com\/#website"},"primaryImageOfPage":{"@id":"https:\/\/crossimporter.com\/product\/acai-hair-essence-oil-30ml\/#primaryimage"},"image":{"@id":"https:\/\/crossimporter.com\/product\/acai-hair-essence-oil-30ml\/#primaryimage"},"thumbnailUrl":"https:\/\/crossimporter.com\/wp-content\/uploads\/2025\/03\/Acai-Oil-.jpg","datePublished":"2025-12-18T16:55:33+00:00","dateModified":"2026-01-30T18:28:36+00:00","breadcrumb":{"@id":"https:\/\/crossimporter.com\/product\/acai-hair-essence-oil-30ml\/#breadcrumb"},"inLanguage":"pt-BR","potentialAction":[{"@type":"ReadAction","target":["https:\/\/crossimporter.com\/product\/acai-hair-essence-oil-30ml\/"]}]},{"@type":"ImageObject","inLanguage":"pt-BR","@id":"https:\/\/crossimporter.com\/product\/acai-hair-essence-oil-30ml\/#primaryimage","url":"https:\/\/crossimporter.com\/wp-content\/uploads\/2025\/03\/Acai-Oil-.jpg","contentUrl":"https:\/\/crossimporter.com\/wp-content\/uploads\/2025\/03\/Acai-Oil-.jpg","width":1500,"height":1500},{"@type":"BreadcrumbList","@id":"https:\/\/crossimporter.com\/product\/acai-hair-essence-oil-30ml\/#breadcrumb","itemListElement":[{"@type":"ListItem","position":1,"name":"In\u00edcio","item":"https:\/\/crossimporter.com\/"},{"@type":"ListItem","position":2,"name":"Loja","item":"https:\/\/crossimporter.com\/loja\/"},{"@type":"ListItem","position":3,"name":"A\u00e7a\u00ed Hair Essence Oil- 30ml"}]},{"@type":"WebSite","@id":"https:\/\/crossimporter.com\/#website","url":"https:\/\/crossimporter.com\/","name":"Cross Enterprise Serv. Inc","description":"Importer","publisher":{"@id":"https:\/\/crossimporter.com\/#organization"},"potentialAction":[{"@type":"SearchAction","target":{"@type":"EntryPoint","urlTemplate":"https:\/\/crossimporter.com\/?s={search_term_string}"},"query-input":{"@type":"PropertyValueSpecification","valueRequired":true,"valueName":"search_term_string"}}],"inLanguage":"pt-BR"},{"@type":"Organization","@id":"https:\/\/crossimporter.com\/#organization","name":"Cross Enterprise Serv. Inc","url":"https:\/\/crossimporter.com\/","logo":{"@type":"ImageObject","inLanguage":"pt-BR","@id":"https:\/\/crossimporter.com\/#\/schema\/logo\/image\/","url":"https:\/\/crossimporter.com\/wp-content\/uploads\/2026\/04\/6-1.svg","contentUrl":"https:\/\/crossimporter.com\/wp-content\/uploads\/2026\/04\/6-1.svg","width":500,"height":500,"caption":"Cross Enterprise Serv. Inc  "},"image":{"@id":"https:\/\/crossimporter.com\/#\/schema\/logo\/image\/"}}]}},"_links":{"self":[{"href":"https:\/\/crossimporter.com\/pt\/wp-json\/wp\/v2\/product\/1393","targetHints":{"allow":["GET"]}}],"collection":[{"href":"https:\/\/crossimporter.com\/pt\/wp-json\/wp\/v2\/product"}],"about":[{"href":"https:\/\/crossimporter.com\/pt\/wp-json\/wp\/v2\/types\/product"}],"replies":[{"embeddable":true,"href":"https:\/\/crossimporter.com\/pt\/wp-json\/wp\/v2\/comments?post=1393"}],"wp:featuredmedia":[{"embeddable":true,"href":"https:\/\/crossimporter.com\/pt\/wp-json\/wp\/v2\/media\/1319"}],"wp:attachment":[{"href":"https:\/\/crossimporter.com\/pt\/wp-json\/wp\/v2\/media?parent=1393"}],"wp:term":[{"taxonomy":"product_brand","embeddable":true,"href":"https:\/\/crossimporter.com\/pt\/wp-json\/wp\/v2\/product_brand?post=1393"},{"taxonomy":"product_cat","embeddable":true,"href":"https:\/\/crossimporter.com\/pt\/wp-json\/wp\/v2\/product_cat?post=1393"},{"taxonomy":"product_tag","embeddable":true,"href":"https:\/\/crossimporter.com\/pt\/wp-json\/wp\/v2\/product_tag?post=1393"}],"curies":[{"name":"wp","href":"https:\/\/api.w.org\/{rel}","templated":true}]}}